{"id":73,"date":"2021-02-26T15:06:27","date_gmt":"2021-02-26T12:06:27","guid":{"rendered":"https:\/\/yildizerplastik.com.tr\/yenisite\/?page_id=73"},"modified":"2021-03-07T22:51:36","modified_gmt":"2021-03-07T19:51:36","slug":"adres-iletisim","status":"publish","type":"page","link":"https:\/\/yildizerplastik.com.tr\/yenisite\/adres-iletisim\/","title":{"rendered":"ADRES \u0130LET\u0130\u015e\u0130M"},"content":{"rendered":"<h2><img loading=\"lazy\" decoding=\"async\" class=\"alignnone wp-image-85\" src=\"https:\/\/yildizerplastik.com.tr\/yenisite\/wp-content\/uploads\/2021\/02\/2020-10-14.jpg\" alt=\"\" width=\"666\" height=\"375\" srcset=\"https:\/\/yildizerplastik.com.tr\/yenisite\/wp-content\/uploads\/2021\/02\/2020-10-14.jpg 1080w, https:\/\/yildizerplastik.com.tr\/yenisite\/wp-content\/uploads\/2021\/02\/2020-10-14-300x169.jpg 300w, https:\/\/yildizerplastik.com.tr\/yenisite\/wp-content\/uploads\/2021\/02\/2020-10-14-1024x576.jpg 1024w, https:\/\/yildizerplastik.com.tr\/yenisite\/wp-content\/uploads\/2021\/02\/2020-10-14-768x432.jpg 768w\" sizes=\"auto, (max-width: 666px) 100vw, 666px\" \/><\/h2>\n<blockquote>\n<h4><strong>DAVUTPA\u015eA CADDES\u0130, TOPKAPI \u0130\u015e MERKEZ\u0130 -T\u0130M 1<\/strong><\/h4>\n<h4><strong>NO:159 TOPKAPI \/ \u0130STANBUL<\/strong><\/h4>\n<h4><strong>0212 6131876 &#8211; 0212 6131877<\/strong><\/h4>\n<h4><strong>FAX: 0212 6131878<\/strong><\/h4>\n<h4><strong>E-MA\u0130L: yildizerplastik@gmail.com<\/strong><br \/>\n&nbsp;<\/h4>\n<\/blockquote>\n<p>&nbsp;<\/p>\n<p>&nbsp;<\/p>\n<p><iframe loading=\"lazy\" style=\"border: 0;\" src=\"https:\/\/www.google.com\/maps\/embed?pb=!1m18!1m12!1m3!1d3010.139157137789!2d28.91382241541455!3d41.0222113792994!2m3!1f0!2f0!3f0!3m2!1i1024!2i768!4f13.1!3m3!1m2!1s0x14cabb64abe8dc5b%3A0xd255632bcccdfa2a!2sYILDIZER%20PLAST%C4%B0K!5e0!3m2!1str!2str!4v1614946182930!5m2!1str!2str\" width=\"600\" height=\"666\" allowfullscreen=\"allowfullscreen\"><\/iframe><\/p>\n","protected":false},"excerpt":{"rendered":"<p>DAVUTPA\u015eA CADDES\u0130, TOPKAPI \u0130\u015e MERKEZ\u0130 -T\u0130M 1 NO:159 TOPKAPI \/ \u0130STANBUL 0212 6131876 &#8211; 0212 6131877 FAX: 0212 6131878 E-MA\u0130L: yildizerplastik@gmail.com &nbsp; &nbsp; &nbsp;<\/p>\n","protected":false},"author":1,"featured_media":0,"parent":0,"menu_order":0,"comment_status":"closed","ping_status":"closed","template":"","meta":{"ngg_post_thumbnail":0,"footnotes":""},"class_list":["post-73","page","type-page","status-publish","hentry"],"_links":{"self":[{"href":"https:\/\/yildizerplastik.com.tr\/yenisite\/wp-json\/wp\/v2\/pages\/73","targetHints":{"allow":["GET"]}}],"collection":[{"href":"https:\/\/yildizerplastik.com.tr\/yenisite\/wp-json\/wp\/v2\/pages"}],"about":[{"href":"https:\/\/yildizerplastik.com.tr\/yenisite\/wp-json\/wp\/v2\/types\/page"}],"author":[{"embeddable":true,"href":"https:\/\/yildizerplastik.com.tr\/yenisite\/wp-json\/wp\/v2\/users\/1"}],"replies":[{"embeddable":true,"href":"https:\/\/yildizerplastik.com.tr\/yenisite\/wp-json\/wp\/v2\/comments?post=73"}],"version-history":[{"count":19,"href":"https:\/\/yildizerplastik.com.tr\/yenisite\/wp-json\/wp\/v2\/pages\/73\/revisions"}],"predecessor-version":[{"id":573,"href":"https:\/\/yildizerplastik.com.tr\/yenisite\/wp-json\/wp\/v2\/pages\/73\/revisions\/573"}],"wp:attachment":[{"href":"https:\/\/yildizerplastik.com.tr\/yenisite\/wp-json\/wp\/v2\/media?parent=73"}],"curies":[{"name":"wp","href":"https:\/\/api.w.org\/{rel}","templated":true}]}}