{"id":342,"date":"2021-02-28T14:46:07","date_gmt":"2021-02-28T11:46:07","guid":{"rendered":"https:\/\/yildizerplastik.com.tr\/yenisite\/?page_id=342"},"modified":"2021-03-03T14:58:18","modified_gmt":"2021-03-03T11:58:18","slug":"urunler-bir-arada","status":"publish","type":"page","link":"https:\/\/yildizerplastik.com.tr\/yenisite\/urunler-bir-arada\/","title":{"rendered":"\u00dcR\u00dcNLER B\u0130R ARADA"},"content":{"rendered":"<p><a href=\"https:\/\/yildizerplastik.com.tr\/yenisite\/wp-content\/uploads\/2021\/02\/WhatsApp-Image-2021-02-28-at-2.35.59-PM.jpeg\"><img loading=\"lazy\" decoding=\"async\" class=\"alignnone size-full wp-image-344\" src=\"https:\/\/yildizerplastik.com.tr\/yenisite\/wp-content\/uploads\/2021\/02\/WhatsApp-Image-2021-02-28-at-2.35.59-PM.jpeg\" alt=\"\" width=\"778\" height=\"1600\" srcset=\"https:\/\/yildizerplastik.com.tr\/yenisite\/wp-content\/uploads\/2021\/02\/WhatsApp-Image-2021-02-28-at-2.35.59-PM.jpeg 778w, https:\/\/yildizerplastik.com.tr\/yenisite\/wp-content\/uploads\/2021\/02\/WhatsApp-Image-2021-02-28-at-2.35.59-PM-146x300.jpeg 146w, https:\/\/yildizerplastik.com.tr\/yenisite\/wp-content\/uploads\/2021\/02\/WhatsApp-Image-2021-02-28-at-2.35.59-PM-498x1024.jpeg 498w, https:\/\/yildizerplastik.com.tr\/yenisite\/wp-content\/uploads\/2021\/02\/WhatsApp-Image-2021-02-28-at-2.35.59-PM-768x1579.jpeg 768w, https:\/\/yildizerplastik.com.tr\/yenisite\/wp-content\/uploads\/2021\/02\/WhatsApp-Image-2021-02-28-at-2.35.59-PM-747x1536.jpeg 747w\" sizes=\"auto, (max-width: 778px) 100vw, 778px\" \/><\/a><\/p>\n","protected":false},"excerpt":{"rendered":"","protected":false},"author":1,"featured_media":0,"parent":0,"menu_order":0,"comment_status":"closed","ping_status":"closed","template":"","meta":{"ngg_post_thumbnail":0,"footnotes":""},"class_list":["post-342","page","type-page","status-publish","hentry"],"_links":{"self":[{"href":"https:\/\/yildizerplastik.com.tr\/yenisite\/wp-json\/wp\/v2\/pages\/342","targetHints":{"allow":["GET"]}}],"collection":[{"href":"https:\/\/yildizerplastik.com.tr\/yenisite\/wp-json\/wp\/v2\/pages"}],"about":[{"href":"https:\/\/yildizerplastik.com.tr\/yenisite\/wp-json\/wp\/v2\/types\/page"}],"author":[{"embeddable":true,"href":"https:\/\/yildizerplastik.com.tr\/yenisite\/wp-json\/wp\/v2\/users\/1"}],"replies":[{"embeddable":true,"href":"https:\/\/yildizerplastik.com.tr\/yenisite\/wp-json\/wp\/v2\/comments?post=342"}],"version-history":[{"count":2,"href":"https:\/\/yildizerplastik.com.tr\/yenisite\/wp-json\/wp\/v2\/pages\/342\/revisions"}],"predecessor-version":[{"id":345,"href":"https:\/\/yildizerplastik.com.tr\/yenisite\/wp-json\/wp\/v2\/pages\/342\/revisions\/345"}],"wp:attachment":[{"href":"https:\/\/yildizerplastik.com.tr\/yenisite\/wp-json\/wp\/v2\/media?parent=342"}],"curies":[{"name":"wp","href":"https:\/\/api.w.org\/{rel}","templated":true}]}}