{"id":318,"date":"2021-02-28T13:49:05","date_gmt":"2021-02-28T10:49:05","guid":{"rendered":"https:\/\/yildizerplastik.com.tr\/yenisite\/?page_id=318"},"modified":"2022-02-07T16:22:35","modified_gmt":"2022-02-07T13:22:35","slug":"urun-katalogu","status":"publish","type":"page","link":"https:\/\/yildizerplastik.com.tr\/yenisite\/urun-katalogu\/","title":{"rendered":"\u00dcR\u00dcN KATALO\u011eU"},"content":{"rendered":"<div id='gallery-1' class='gallery galleryid-318 gallery-columns-1 gallery-size-large'><figure class='gallery-item'>\n\t\t\t<div class='gallery-icon portrait'>\n\t\t\t\t<a href='https:\/\/yildizerplastik.com.tr\/yenisite\/urun-katalogu\/attachment\/10\/'><img loading=\"lazy\" decoding=\"async\" width=\"730\" height=\"1024\" src=\"https:\/\/yildizerplastik.com.tr\/yenisite\/wp-content\/uploads\/2022\/02\/10-730x1024.jpg\" class=\"attachment-large size-large\" alt=\"\" srcset=\"https:\/\/yildizerplastik.com.tr\/yenisite\/wp-content\/uploads\/2022\/02\/10-730x1024.jpg 730w, https:\/\/yildizerplastik.com.tr\/yenisite\/wp-content\/uploads\/2022\/02\/10-214x300.jpg 214w, https:\/\/yildizerplastik.com.tr\/yenisite\/wp-content\/uploads\/2022\/02\/10-768x1077.jpg 768w, https:\/\/yildizerplastik.com.tr\/yenisite\/wp-content\/uploads\/2022\/02\/10.jpg 1080w\" sizes=\"auto, (max-width: 730px) 100vw, 730px\" \/><\/a>\n\t\t\t<\/div><\/figure><figure class='gallery-item'>\n\t\t\t<div class='gallery-icon portrait'>\n\t\t\t\t<a href='https:\/\/yildizerplastik.com.tr\/yenisite\/urun-katalogu\/attachment\/12\/'><img loading=\"lazy\" decoding=\"async\" width=\"730\" height=\"1024\" src=\"https:\/\/yildizerplastik.com.tr\/yenisite\/wp-content\/uploads\/2022\/02\/12-730x1024.jpg\" class=\"attachment-large size-large\" alt=\"\" srcset=\"https:\/\/yildizerplastik.com.tr\/yenisite\/wp-content\/uploads\/2022\/02\/12-730x1024.jpg 730w, https:\/\/yildizerplastik.com.tr\/yenisite\/wp-content\/uploads\/2022\/02\/12-214x300.jpg 214w, https:\/\/yildizerplastik.com.tr\/yenisite\/wp-content\/uploads\/2022\/02\/12-768x1077.jpg 768w, https:\/\/yildizerplastik.com.tr\/yenisite\/wp-content\/uploads\/2022\/02\/12.jpg 1080w\" sizes=\"auto, (max-width: 730px) 100vw, 730px\" \/><\/a>\n\t\t\t<\/div><\/figure><figure class='gallery-item'>\n\t\t\t<div class='gallery-icon portrait'>\n\t\t\t\t<a href='https:\/\/yildizerplastik.com.tr\/yenisite\/urun-katalogu\/attachment\/13\/'><img loading=\"lazy\" decoding=\"async\" width=\"730\" height=\"1024\" src=\"https:\/\/yildizerplastik.com.tr\/yenisite\/wp-content\/uploads\/2022\/02\/13-730x1024.jpg\" class=\"attachment-large size-large\" alt=\"\" srcset=\"https:\/\/yildizerplastik.com.tr\/yenisite\/wp-content\/uploads\/2022\/02\/13-730x1024.jpg 730w, https:\/\/yildizerplastik.com.tr\/yenisite\/wp-content\/uploads\/2022\/02\/13-214x300.jpg 214w, https:\/\/yildizerplastik.com.tr\/yenisite\/wp-content\/uploads\/2022\/02\/13-768x1077.jpg 768w, https:\/\/yildizerplastik.com.tr\/yenisite\/wp-content\/uploads\/2022\/02\/13.jpg 1080w\" sizes=\"auto, (max-width: 730px) 100vw, 730px\" \/><\/a>\n\t\t\t<\/div><\/figure><figure class='gallery-item'>\n\t\t\t<div class='gallery-icon portrait'>\n\t\t\t\t<a href='https:\/\/yildizerplastik.com.tr\/yenisite\/urun-katalogu\/attachment\/14\/'><img loading=\"lazy\" decoding=\"async\" width=\"730\" height=\"1024\" src=\"https:\/\/yildizerplastik.com.tr\/yenisite\/wp-content\/uploads\/2022\/02\/14-730x1024.jpg\" class=\"attachment-large size-large\" alt=\"\" srcset=\"https:\/\/yildizerplastik.com.tr\/yenisite\/wp-content\/uploads\/2022\/02\/14-730x1024.jpg 730w, https:\/\/yildizerplastik.com.tr\/yenisite\/wp-content\/uploads\/2022\/02\/14-214x300.jpg 214w, https:\/\/yildizerplastik.com.tr\/yenisite\/wp-content\/uploads\/2022\/02\/14-768x1077.jpg 768w, https:\/\/yildizerplastik.com.tr\/yenisite\/wp-content\/uploads\/2022\/02\/14.jpg 1080w\" sizes=\"auto, (max-width: 730px) 100vw, 730px\" \/><\/a>\n\t\t\t<\/div><\/figure><figure class='gallery-item'>\n\t\t\t<div class='gallery-icon portrait'>\n\t\t\t\t<a href='https:\/\/yildizerplastik.com.tr\/yenisite\/urun-katalogu\/attachment\/15\/'><img loading=\"lazy\" decoding=\"async\" width=\"730\" height=\"1024\" src=\"https:\/\/yildizerplastik.com.tr\/yenisite\/wp-content\/uploads\/2022\/02\/15-730x1024.jpg\" class=\"attachment-large size-large\" alt=\"\" srcset=\"https:\/\/yildizerplastik.com.tr\/yenisite\/wp-content\/uploads\/2022\/02\/15-730x1024.jpg 730w, https:\/\/yildizerplastik.com.tr\/yenisite\/wp-content\/uploads\/2022\/02\/15-214x300.jpg 214w, https:\/\/yildizerplastik.com.tr\/yenisite\/wp-content\/uploads\/2022\/02\/15-768x1077.jpg 768w, https:\/\/yildizerplastik.com.tr\/yenisite\/wp-content\/uploads\/2022\/02\/15.jpg 1080w\" sizes=\"auto, (max-width: 730px) 100vw, 730px\" \/><\/a>\n\t\t\t<\/div><\/figure><figure class='gallery-item'>\n\t\t\t<div class='gallery-icon portrait'>\n\t\t\t\t<a href='https:\/\/yildizerplastik.com.tr\/yenisite\/urun-katalogu\/attachment\/16\/'><img loading=\"lazy\" decoding=\"async\" width=\"730\" height=\"1024\" src=\"https:\/\/yildizerplastik.com.tr\/yenisite\/wp-content\/uploads\/2022\/02\/16-730x1024.jpg\" class=\"attachment-large size-large\" alt=\"\" srcset=\"https:\/\/yildizerplastik.com.tr\/yenisite\/wp-content\/uploads\/2022\/02\/16-730x1024.jpg 730w, https:\/\/yildizerplastik.com.tr\/yenisite\/wp-content\/uploads\/2022\/02\/16-214x300.jpg 214w, https:\/\/yildizerplastik.com.tr\/yenisite\/wp-content\/uploads\/2022\/02\/16-768x1077.jpg 768w, https:\/\/yildizerplastik.com.tr\/yenisite\/wp-content\/uploads\/2022\/02\/16.jpg 1080w\" sizes=\"auto, (max-width: 730px) 100vw, 730px\" \/><\/a>\n\t\t\t<\/div><\/figure><figure class='gallery-item'>\n\t\t\t<div class='gallery-icon portrait'>\n\t\t\t\t<a href='https:\/\/yildizerplastik.com.tr\/yenisite\/urun-katalogu\/attachment\/17\/'><img loading=\"lazy\" decoding=\"async\" width=\"730\" height=\"1024\" src=\"https:\/\/yildizerplastik.com.tr\/yenisite\/wp-content\/uploads\/2022\/02\/17-730x1024.jpg\" class=\"attachment-large size-large\" alt=\"\" srcset=\"https:\/\/yildizerplastik.com.tr\/yenisite\/wp-content\/uploads\/2022\/02\/17-730x1024.jpg 730w, https:\/\/yildizerplastik.com.tr\/yenisite\/wp-content\/uploads\/2022\/02\/17-214x300.jpg 214w, https:\/\/yildizerplastik.com.tr\/yenisite\/wp-content\/uploads\/2022\/02\/17-768x1077.jpg 768w, https:\/\/yildizerplastik.com.tr\/yenisite\/wp-content\/uploads\/2022\/02\/17.jpg 1080w\" sizes=\"auto, (max-width: 730px) 100vw, 730px\" \/><\/a>\n\t\t\t<\/div><\/figure><figure class='gallery-item'>\n\t\t\t<div class='gallery-icon portrait'>\n\t\t\t\t<a href='https:\/\/yildizerplastik.com.tr\/yenisite\/urun-katalogu\/18-2-2\/'><img loading=\"lazy\" decoding=\"async\" width=\"730\" height=\"1024\" src=\"https:\/\/yildizerplastik.com.tr\/yenisite\/wp-content\/uploads\/2022\/02\/18-2-1-730x1024.jpg\" class=\"attachment-large size-large\" alt=\"\" srcset=\"https:\/\/yildizerplastik.com.tr\/yenisite\/wp-content\/uploads\/2022\/02\/18-2-1-730x1024.jpg 730w, https:\/\/yildizerplastik.com.tr\/yenisite\/wp-content\/uploads\/2022\/02\/18-2-1-214x300.jpg 214w, https:\/\/yildizerplastik.com.tr\/yenisite\/wp-content\/uploads\/2022\/02\/18-2-1-768x1077.jpg 768w, https:\/\/yildizerplastik.com.tr\/yenisite\/wp-content\/uploads\/2022\/02\/18-2-1.jpg 1080w\" sizes=\"auto, (max-width: 730px) 100vw, 730px\" \/><\/a>\n\t\t\t<\/div><\/figure>\n\t\t<\/div>\n\n","protected":false},"excerpt":{"rendered":"","protected":false},"author":1,"featured_media":0,"parent":0,"menu_order":0,"comment_status":"closed","ping_status":"closed","template":"","meta":{"ngg_post_thumbnail":0,"footnotes":""},"class_list":["post-318","page","type-page","status-publish","hentry"],"_links":{"self":[{"href":"https:\/\/yildizerplastik.com.tr\/yenisite\/wp-json\/wp\/v2\/pages\/318","targetHints":{"allow":["GET"]}}],"collection":[{"href":"https:\/\/yildizerplastik.com.tr\/yenisite\/wp-json\/wp\/v2\/pages"}],"about":[{"href":"https:\/\/yildizerplastik.com.tr\/yenisite\/wp-json\/wp\/v2\/types\/page"}],"author":[{"embeddable":true,"href":"https:\/\/yildizerplastik.com.tr\/yenisite\/wp-json\/wp\/v2\/users\/1"}],"replies":[{"embeddable":true,"href":"https:\/\/yildizerplastik.com.tr\/yenisite\/wp-json\/wp\/v2\/comments?post=318"}],"version-history":[{"count":8,"href":"https:\/\/yildizerplastik.com.tr\/yenisite\/wp-json\/wp\/v2\/pages\/318\/revisions"}],"predecessor-version":[{"id":626,"href":"https:\/\/yildizerplastik.com.tr\/yenisite\/wp-json\/wp\/v2\/pages\/318\/revisions\/626"}],"wp:attachment":[{"href":"https:\/\/yildizerplastik.com.tr\/yenisite\/wp-json\/wp\/v2\/media?parent=318"}],"curies":[{"name":"wp","href":"https:\/\/api.w.org\/{rel}","templated":true}]}}