{"id":26,"date":"2021-02-26T14:09:29","date_gmt":"2021-02-26T11:09:29","guid":{"rendered":"https:\/\/yildizerplastik.com.tr\/yenisite\/?page_id=26"},"modified":"2021-02-28T18:11:30","modified_gmt":"2021-02-28T15:11:30","slug":"hakkimizda","status":"publish","type":"page","link":"https:\/\/yildizerplastik.com.tr\/yenisite\/hakkimizda\/","title":{"rendered":"HAKKIMIZDA"},"content":{"rendered":"<h2>Misyon<\/h2>\n<ul class=\"s-list s-list-circle s-full\">\n<li>\u015eirketimizin yetenek ve kapasitesi do\u011frultusunda, mu\u0308\u015fterilerimizin tu\u0308m u\u0308ru\u0308n ve hizmet beklentilerini du\u0308nya standartlar\u0131nda kar\u015f\u0131lamak,<\/li>\n<li>Mu\u0308\u015fterilerimizin ve \u00e7al\u0131\u015fanlar\u0131m\u0131z\u0131n memnuniyetini artt\u0131rmak,<\/li>\n<li>Ama\u00e7lar\u0131m\u0131z\u0131 \u00e7evreye ve do\u011faya zarar vermeden, ili\u015fki i\u00e7erisinde oldu\u011fumuz kurum ve ki\u015filerle uyum i\u00e7erisinde ger\u00e7ekle\u015ftirmek,<\/li>\n<li>Demir-\u00c7elik sekt\u00f6ru\u0308ndeki global geli\u015fmelere katk\u0131da bulunmak,<\/li>\n<li>Demir-\u00c7elik ve vin\u00e7 imalat\u0131 sekt\u00f6ru\u0308nde u\u0308retim, sat\u0131\u015f ve mu\u0308hendislik faaliyetleri entegre ederek geli\u015fmek.<\/li>\n<\/ul>\n<h2>Vizyon<\/h2>\n<ul class=\"s-list s-list-circle s-full\">\n<li>Mu\u0308\u015fteri memnuniyetini her \u015feyin u\u0308zerinde tutmak,<\/li>\n<li>Ekonomi, bu\u0308yu\u0308me ve karl\u0131l\u0131\u011f\u0131n \u00f6nemine inanmak,<\/li>\n<li>De\u011fi\u015fime ve geli\u015fime a\u00e7\u0131k olmak,<\/li>\n<li>Konusunda en iyisi olmaya dair inan\u00e7l\u0131 ve hevesli olmak,<\/li>\n<li>\u00dcstu\u0308n i\u015f ahlak\u0131 ve du\u0308ru\u0308st \u00e7al\u0131\u015fmak,<\/li>\n<li>En \u00f6nemli sermayemizin insan kayna\u011f\u0131 oldu\u011funu vurgulamak,<\/li>\n<li>Su\u0308rekli geli\u015fmek i\u00e7in fon ve kaynak yaratma \u00e7abas\u0131nda olmak.<\/li>\n<li>&nbsp;<\/li>\n<\/ul>\n<blockquote><p>YILDIZER&nbsp; Plastik Y\u00f6netim Kurulu Ba\u015fkan\u0131 \u0130SMA\u0130L YILDIZ, plastik sekt\u00f6r\u00fcndeki geli\u015fmeleri de\u011ferlendirdi.<\/p>\n<p>\u0130SMA\u0130L YILDIZ, \u201cBiz \u015firketimizin, m\u00fc\u015fteri memnuniyetini azami d\u00fczeye \u00e7\u0131karmak i\u00e7in m\u00fc\u015fterinin \u00fcr\u00fcnle ilgili t\u00fcm taleplerini kar\u015f\u0131lay\u0131p,&nbsp; elde etmi\u015f oldu\u011fumuz \u00fcr\u00fcnlerin g\u00fcvenilir, dayan\u0131kl\u0131, uygun maliyetle, kalite d\u00fczeyi y\u00fcksek \u00fcretim yapmay\u0131 hedefledik.\u201d dedi<\/p>\n<p>\u0130SMA\u0130L YILDIZ, \u201c\u00dcretimde \u015fu bir ger\u00e7ektir ki m\u00fc\u015fteri memnuniyeti ile birlikte \u00fcr\u00fcn&nbsp; kalitemizin devaml\u0131l\u0131\u011f\u0131n\u0131 &nbsp;&nbsp;sa\u011flamak i\u00e7in teknik olarak \u00fcretimi h\u0131zland\u0131rmak ve \u00e7e\u015fitlendirmek ayr\u0131ca \u00fcr\u00fcnlerimizin \u00e7evre temizli\u011fine katk\u0131da bulunmas\u0131n\u0131 sa\u011flamak&nbsp; \u00f6ncelikli \u00e7abalar\u0131m\u0131zdand\u0131r. Plastik ambalaj sekt\u00f6r\u00fcnde faaliyet g\u00f6steren YILDIZER&nbsp; Plastik Tic. Ltd. \u015eti &nbsp;yeni yat\u0131r\u0131mlarla b\u00fcy\u00fcyerek ad\u0131n\u0131 \u00f6n\u00fcm\u00fczdeki y\u0131llar&nbsp; i\u00e7erisinde &nbsp;b\u00f6lgede sekt\u00f6r\u00fcn en \u00f6nc\u00fc firmas\u0131 olarak ve en yeni \u00fcr\u00fcnleri \u00fcretebilen firma olarak sekt\u00f6r\u00fcn,de \u00f6rnek olmay\u0131 hedeflemektedir\u201d diye konu\u015ftu<\/p><\/blockquote>\n","protected":false},"excerpt":{"rendered":"<p>Misyon \u015eirketimizin yetenek ve kapasitesi do\u011frultusunda, mu\u0308\u015fterilerimizin tu\u0308m u\u0308ru\u0308n ve hizmet beklentilerini du\u0308nya standartlar\u0131nda kar\u015f\u0131lamak, Mu\u0308\u015fterilerimizin ve \u00e7al\u0131\u015fanlar\u0131m\u0131z\u0131n memnuniyetini artt\u0131rmak, Ama\u00e7lar\u0131m\u0131z\u0131 \u00e7evreye ve do\u011faya zarar vermeden, ili\u015fki i\u00e7erisinde oldu\u011fumuz kurum ve ki\u015filerle uyum i\u00e7erisinde ger\u00e7ekle\u015ftirmek, Demir-\u00c7elik sekt\u00f6ru\u0308ndeki global geli\u015fmelere katk\u0131da bulunmak, Demir-\u00c7elik ve vin\u00e7 imalat\u0131 sekt\u00f6ru\u0308nde u\u0308retim, sat\u0131\u015f ve mu\u0308hendislik faaliyetleri entegre ederek geli\u015fmek. Vizyon [&hellip;]<\/p>\n","protected":false},"author":1,"featured_media":0,"parent":0,"menu_order":0,"comment_status":"closed","ping_status":"closed","template":"","meta":{"ngg_post_thumbnail":0,"footnotes":""},"class_list":["post-26","page","type-page","status-publish","hentry"],"_links":{"self":[{"href":"https:\/\/yildizerplastik.com.tr\/yenisite\/wp-json\/wp\/v2\/pages\/26","targetHints":{"allow":["GET"]}}],"collection":[{"href":"https:\/\/yildizerplastik.com.tr\/yenisite\/wp-json\/wp\/v2\/pages"}],"about":[{"href":"https:\/\/yildizerplastik.com.tr\/yenisite\/wp-json\/wp\/v2\/types\/page"}],"author":[{"embeddable":true,"href":"https:\/\/yildizerplastik.com.tr\/yenisite\/wp-json\/wp\/v2\/users\/1"}],"replies":[{"embeddable":true,"href":"https:\/\/yildizerplastik.com.tr\/yenisite\/wp-json\/wp\/v2\/comments?post=26"}],"version-history":[{"count":4,"href":"https:\/\/yildizerplastik.com.tr\/yenisite\/wp-json\/wp\/v2\/pages\/26\/revisions"}],"predecessor-version":[{"id":493,"href":"https:\/\/yildizerplastik.com.tr\/yenisite\/wp-json\/wp\/v2\/pages\/26\/revisions\/493"}],"wp:attachment":[{"href":"https:\/\/yildizerplastik.com.tr\/yenisite\/wp-json\/wp\/v2\/media?parent=26"}],"curies":[{"name":"wp","href":"https:\/\/api.w.org\/{rel}","templated":true}]}}